{"id":1443,"date":"2022-06-10T19:30:38","date_gmt":"2022-06-10T19:30:38","guid":{"rendered":"https:\/\/ds-k.org\/tekeli\/"},"modified":"2024-07-25T10:17:32","modified_gmt":"2024-07-25T10:17:32","slug":"%d9%be%db%95%db%8c%d9%88%db%95%d9%86%d8%af%db%8c","status":"publish","type":"page","link":"https:\/\/ds-k.org\/ku\/%d8%b3%db%95%d9%86%d8%af%db%8c%da%a9%d8%a7%db%8c-%d9%be%d8%b2%db%8c%d8%b4%da%a9%d8%a7%d9%86%db%8c-%da%a9%d9%88%d8%b1%d8%af%d8%b3%d8%aa%d8%a7%d9%86\/%d9%be%db%95%db%8c%d9%88%db%95%d9%86%d8%af%db%8c\/","title":{"rendered":"\u067e\u06d5\u06cc\u0648\u06d5\u0646\u062f\u06cc"},"content":{"rendered":"\t\t<div data-elementor-type=\"wp-page\" data-elementor-id=\"1443\" class=\"elementor elementor-1443\">\n\t\t\t\t\t\t<section class=\"elementor-section elementor-top-section elementor-element elementor-element-30b75775 elementor-section-full_width elementor-section-stretched elementor-section-height-default elementor-section-height-default\" data-id=\"30b75775\" data-element_type=\"section\" data-e-type=\"section\" data-settings=\"{&quot;stretch_section&quot;:&quot;section-stretched&quot;}\">\n\t\t\t\t\t\t<div class=\"elementor-container elementor-column-gap-default\">\n\t\t\t\t\t<div class=\"elementor-column elementor-col-100 elementor-top-column elementor-element elementor-element-2d909e12\" data-id=\"2d909e12\" data-element_type=\"column\" data-e-type=\"column\">\n\t\t\t<div class=\"elementor-widget-wrap elementor-element-populated\">\n\t\t\t\t\t\t<div class=\"elementor-element elementor-element-50599d5b elementor-widget elementor-widget-themedraft_section_title\" data-id=\"50599d5b\" data-element_type=\"widget\" data-e-type=\"widget\" data-widget_type=\"themedraft_section_title.default\">\n\t\t\t\t<div class=\"elementor-widget-container\">\n\t\t\t\t\t\n\t\t<div class=\"td-section-title-wrapper\">\n            <div class=\"td-section-title-content td-secondary-font\">\n                                    <div class=\"td-section-title-bg-text \">\n                        Contact                    <\/div>\n                \n                                    <div class=\"td-section-subtitle td-primary-color\">\n                        Get In Touch                    <\/div>\n                \n                                    <div class=\"td-section-title\">\n                        <h2>Feel Free To Contact<\/h2>                    <\/div>\n                                        <div class=\"title-bottom-line\" style=\"background-image: url(https:\/\/demo.themedraft.net\/wp\/doctio\/wp-content\/uploads\/2022\/06\/line.png)\"><\/div>\n                                                <\/div>\n\t\t<\/div>\n\t\t\t\t\t\t<\/div>\n\t\t\t\t<\/div>\n\t\t\t\t<div class=\"elementor-element elementor-element-122b0723 elementor-widget elementor-widget-themedraft_contact_details_box\" data-id=\"122b0723\" data-element_type=\"widget\" data-e-type=\"widget\" data-widget_type=\"themedraft_contact_details_box.default\">\n\t\t\t\t<div class=\"elementor-widget-container\">\n\t\t\t\t\t\n\t\t<div class=\"contact-details container\">\n            <div class=\"row\">\n                                        <div class=\"col-xl-4 col-lg-6 col-md-6\">\n                            <div class=\"td-contact-details-box td-transition\">\n                                <div class=\"td-contact-details-box-icon  td-transition td-primary-color\">\n                                    \n                                        <i aria-hidden=\"true\" class=\"flaticon-telephone-1\"><\/i>\n                                                                    <\/div>\n                                <h4 class=\"td-contact-box-title td-transition\">Phone:<\/h4>\n\n                                <ul><li><p><strong><a href=\"tel:+9647515512022\">+9647515512022<\/a><\/strong><\/p><p><strong><a href=\"tel:+9647741221616\">+9647741221616<\/a><\/strong><\/p><\/li><\/ul>                            <\/div>\n                        <\/div>\n                                            <div class=\"col-xl-4 col-lg-6 col-md-6\">\n                            <div class=\"td-contact-details-box td-transition\">\n                                <div class=\"td-contact-details-box-icon  td-transition td-primary-color\">\n                                    \n                                        <i aria-hidden=\"true\" class=\"td-icon flaticon-maps-and-flags\"><\/i>\n                                                                    <\/div>\n                                <h4 class=\"td-contact-box-title td-transition\">Address:<\/h4>\n\n                                <p>Iraq,Erbil,Sarbasti, Kurdistan Doctors Syndicate Headquarters<\/p>                            <\/div>\n                        <\/div>\n                                            <div class=\"col-xl-4 col-lg-6 col-md-6\">\n                            <div class=\"td-contact-details-box td-transition\">\n                                <div class=\"td-contact-details-box-icon  td-transition td-primary-color\">\n                                    \n                                        <i aria-hidden=\"true\" class=\"td-icon flaticon-mail-inbox-app\"><\/i>\n                                                                    <\/div>\n                                <h4 class=\"td-contact-box-title td-transition\">Email:<\/h4>\n\n                                <ul><li><a href=\"mailto:info@ds-k.org\">info@ds-k.org<\/a><\/li><\/ul>                            <\/div>\n                        <\/div>\n                                <\/div>\n\t\t<\/div>\n\n\t\t\t\t\t\t<\/div>\n\t\t\t\t<\/div>\n\t\t\t\t\t<\/div>\n\t\t<\/div>\n\t\t\t\t\t<\/div>\n\t\t<\/section>\n\t\t\t\t<section class=\"elementor-section elementor-top-section elementor-element elementor-element-4e8be751 elementor-section-full_width elementor-section-stretched elementor-section-height-default elementor-section-height-default\" data-id=\"4e8be751\" data-element_type=\"section\" data-e-type=\"section\" data-settings=\"{&quot;stretch_section&quot;:&quot;section-stretched&quot;}\">\n\t\t\t\t\t\t<div class=\"elementor-container elementor-column-gap-default\">\n\t\t\t\t\t<div class=\"elementor-column elementor-col-100 elementor-top-column elementor-element elementor-element-65efb9d9\" data-id=\"65efb9d9\" data-element_type=\"column\" data-e-type=\"column\">\n\t\t\t<div class=\"elementor-widget-wrap elementor-element-populated\">\n\t\t\t\t\t\t<div class=\"elementor-element elementor-element-49854e7 elementor-widget elementor-widget-themedraft_contact_form_seven_layout_two\" data-id=\"49854e7\" data-element_type=\"widget\" data-e-type=\"widget\" data-widget_type=\"themedraft_contact_form_seven_layout_two.default\">\n\t\t\t\t<div class=\"elementor-widget-container\">\n\t\t\t\t\t            <div class=\"td-cf7-contact-form td-cf7-layout-two td-secondary-font\">\n\n                <div class=\"container\">\n                    <div class=\"row\">\n                        <div class=\"col-xl-5 col-lg-5 col-md-12 td-pr-0\">\n                            <div class=\"td-form-left-image td-cover-bg\" style=\"background-image: url(https:\/\/ds-k.org\/wp-content\/uploads\/2024\/07\/Logoo@4x-1.png)\"><\/div>\n                        <\/div>\n\n                        <div class=\"col-xl-7 col-lg-7 col-md-12 td-pl-0\">\n                            <div class=\"td-contact-form-container\">\n                                <div class=\"td-section-title-wrapper\">\n                                    <div class=\"td-section-title-content td-secondary-font\">\n\n\t\t\t                                                                        <div class=\"td-section-subtitle td-primary-color\">\n\t\t\t\t\t                            Have questions?                                             <\/div>\n\t\t\t                            \n\t\t\t                                                                        <div class=\"td-section-title\">\n\t\t\t\t\t                            <h2>Get in touch!<\/h2>                                            <\/div>\n\t\t\t\t                                                                            <div class=\"title-bottom-line\" style=\"background-image: url(https:\/\/demo.themedraft.net\/wp\/doctio\/wp-content\/uploads\/2022\/06\/line-1.png)\"><\/div>\n\t\t\t\t                            \t\t\t                                                                <\/div>\n                                <\/div>\n\n                                <div class=\"form-icon\"><i class=\"flaticon-nurse\"><\/i><\/div>\n\n\t\t                                                            <div class=\"themedraft-contact-form-container\">\n\t\t\t\t                        \n<div class=\"wpcf7 no-js\" id=\"wpcf7-f1489-o1\" lang=\"ckb\" dir=\"ltr\" data-wpcf7-id=\"1489\">\n<div class=\"screen-reader-response\"><p role=\"status\" aria-live=\"polite\" aria-atomic=\"true\"><\/p> <ul><\/ul><\/div>\n<form action=\"\/ku\/wp-json\/wp\/v2\/pages\/1443#wpcf7-f1489-o1\" method=\"post\" class=\"wpcf7-form init\" aria-label=\"\u0641\u06c6\u0631\u0645\u06cc \u067e\u06d5\u06cc\u0648\u06d5\u0646\u062f\u06cc\" novalidate=\"novalidate\" data-status=\"init\">\n<fieldset class=\"hidden-fields-container\"><input type=\"hidden\" name=\"_wpcf7\" value=\"1489\" \/><input type=\"hidden\" name=\"_wpcf7_version\" value=\"6.1.5\" \/><input type=\"hidden\" name=\"_wpcf7_locale\" value=\"ckb\" \/><input type=\"hidden\" name=\"_wpcf7_unit_tag\" value=\"wpcf7-f1489-o1\" \/><input type=\"hidden\" name=\"_wpcf7_container_post\" value=\"0\" \/><input type=\"hidden\" name=\"_wpcf7_posted_data_hash\" value=\"\" \/>\n<\/fieldset>\n<label> \u0646\u0627\u0648 <span class=\"wpcf7-form-control-wrap\" data-name=\"your-name\"><input size=\"40\" maxlength=\"400\" class=\"wpcf7-form-control wpcf7-text wpcf7-validates-as-required\" autocomplete=\"name\" aria-required=\"true\" aria-invalid=\"false\" value=\"\" type=\"text\" name=\"your-name\" \/><\/span> <\/label>\n\n<label> \u0626\u06cc\u0645\u06d5\u06cc\u0644 <span class=\"wpcf7-form-control-wrap\" data-name=\"your-email\"><input size=\"40\" maxlength=\"400\" class=\"wpcf7-form-control wpcf7-email wpcf7-validates-as-required wpcf7-text wpcf7-validates-as-email\" autocomplete=\"email\" aria-required=\"true\" aria-invalid=\"false\" value=\"\" type=\"email\" name=\"your-email\" \/><\/span> <\/label>\n\n<label> \u0628\u0627\u0628\u06d5\u062a <span class=\"wpcf7-form-control-wrap\" data-name=\"your-subject\"><input size=\"40\" maxlength=\"400\" class=\"wpcf7-form-control wpcf7-text wpcf7-validates-as-required\" aria-required=\"true\" aria-invalid=\"false\" value=\"\" type=\"text\" name=\"your-subject\" \/><\/span> <\/label>\n\n<label> \u0646\u0627\u0645\u06d5\u06a9\u06d5\u062a <span class=\"wpcf7-form-control-wrap\" data-name=\"your-message\"><textarea cols=\"40\" rows=\"10\" maxlength=\"2000\" class=\"wpcf7-form-control wpcf7-textarea\" aria-invalid=\"false\" name=\"your-message\"><\/textarea><\/span> <\/label>\n\n<input class=\"wpcf7-form-control wpcf7-submit has-spinner\" type=\"submit\" value=\"\u067e\u06ce\u0634\u06a9\u06d5\u0634\u06a9\u0631\u062f\u0646\" \/><div class=\"wpcf7-response-output\" aria-hidden=\"true\"><\/div>\n<\/form>\n<\/div>\n                                    <\/div>\n\t\t                                                    <\/div>\n                        <\/div>\n                    <\/div>\n                <\/div>\n            <\/div>\n        \t\t\t\t<\/div>\n\t\t\t\t<\/div>\n\t\t\t\t\t<\/div>\n\t\t<\/div>\n\t\t\t\t\t<\/div>\n\t\t<\/section>\n\t\t\t\t<section class=\"elementor-section elementor-top-section elementor-element elementor-element-52350bb elementor-section-full_width elementor-section-stretched elementor-section-height-default elementor-section-height-default\" data-id=\"52350bb\" data-element_type=\"section\" data-e-type=\"section\" data-settings=\"{&quot;stretch_section&quot;:&quot;section-stretched&quot;}\">\n\t\t\t\t\t\t<div class=\"elementor-container elementor-column-gap-default\">\n\t\t\t\t\t<div class=\"elementor-column elementor-col-100 elementor-top-column elementor-element elementor-element-813b39c\" data-id=\"813b39c\" data-element_type=\"column\" data-e-type=\"column\">\n\t\t\t<div class=\"elementor-widget-wrap elementor-element-populated\">\n\t\t\t\t\t\t<div class=\"elementor-element elementor-element-21e9708 elementor-widget elementor-widget-google_maps\" data-id=\"21e9708\" data-element_type=\"widget\" data-e-type=\"widget\" data-widget_type=\"google_maps.default\">\n\t\t\t\t<div class=\"elementor-widget-container\">\n\t\t\t\t\t\t\t<div class=\"elementor-custom-embed\">\n\t\t\t<iframe loading=\"lazy\"\n\t\t\t\t\tsrc=\"https:\/\/maps.google.com\/maps?q=Kurdistan%20Doctors%20Union%20%28Syndicate%29%20%D8%B3%DB%95%D9%86%D8%AF%DB%8C%DA%A9%D8%A7%DB%8C%20%D9%BE%D8%B2%DB%8C%D8%B4%DA%A9%D8%A7%D9%86%DB%8C%20%DA%A9%D9%88%D8%B1%D8%AF%D8%B3%D8%AA%D8%A7%D9%86%20%D9%86%D9%82%D8%A7%D8%A8%D8%A9%20%D8%A7%D8%B7%D8%A8%D8%A7%D8%A1%20%D9%83%D9%88%D8%B1%D8%AF%D8%B3%D8%AA%D8%A7%D9%86%20%D9%86%D9%82%D8%A7%D8%A8%D8%A9%20%D8%A7%D8%B7%D8%A8%D8%A7%D8%A1%20%D8%A7%D8%B1%D8%A8%D9%8A%D9%84&#038;t=m&#038;z=15&#038;output=embed&#038;iwloc=near\"\n\t\t\t\t\ttitle=\"Kurdistan Doctors Union (Syndicate) \u0633\u06d5\u0646\u062f\u06cc\u06a9\u0627\u06cc \u067e\u0632\u06cc\u0634\u06a9\u0627\u0646\u06cc \u06a9\u0648\u0631\u062f\u0633\u062a\u0627\u0646 \u0646\u0642\u0627\u0628\u0629 \u0627\u0637\u0628\u0627\u0621 \u0643\u0648\u0631\u062f\u0633\u062a\u0627\u0646 \u0646\u0642\u0627\u0628\u0629 \u0627\u0637\u0628\u0627\u0621 \u0627\u0631\u0628\u064a\u0644\"\n\t\t\t\t\taria-label=\"Kurdistan Doctors Union (Syndicate) \u0633\u06d5\u0646\u062f\u06cc\u06a9\u0627\u06cc \u067e\u0632\u06cc\u0634\u06a9\u0627\u0646\u06cc \u06a9\u0648\u0631\u062f\u0633\u062a\u0627\u0646 \u0646\u0642\u0627\u0628\u0629 \u0627\u0637\u0628\u0627\u0621 \u0643\u0648\u0631\u062f\u0633\u062a\u0627\u0646 \u0646\u0642\u0627\u0628\u0629 \u0627\u0637\u0628\u0627\u0621 \u0627\u0631\u0628\u064a\u0644\"\n\t\t\t><\/iframe>\n\t\t<\/div>\n\t\t\t\t\t\t<\/div>\n\t\t\t\t<\/div>\n\t\t\t\t\t<\/div>\n\t\t<\/div>\n\t\t\t\t\t<\/div>\n\t\t<\/section>\n\t\t\t\t<\/div>\n\t\t","protected":false},"excerpt":{"rendered":"<p>Contact Get In Touch Feel Free To Contact Phone: +9647515512022 +9647741221616 Address: Iraq,Erbil,Sarbasti, Kurdistan Doctors Syndicate Headquarters Email: info@ds-k.org Have questions? Get in touch! Your name Your email Subject Your message (optional)<\/p>\n","protected":false},"author":1,"featured_media":0,"parent":1464,"menu_order":0,"comment_status":"closed","ping_status":"closed","template":"","meta":{"footnotes":""},"class_list":["post-1443","page","type-page","status-publish","hentry"],"yoast_head":"<!-- This site is optimized with the Yoast SEO Premium plugin v23.0 (Yoast SEO v25.7) - https:\/\/yoast.com\/wordpress\/plugins\/seo\/ -->\n<title>\u067e\u06d5\u06cc\u0648\u06d5\u0646\u062f\u06cc - Kurdistan Doctors Syndicate |<\/title>\n<meta name=\"description\" content=\"Di dil\u00ea her\u00eama Kurdistan\u00ea de, Send\u00eekaya Bij\u00eejk\u00ean Kurdistan\u00ea wek saziyeke sereke radibe \u00fb di war\u00ea aboriy\u00ea de roleke gir\u00eeng dil\u00eeze.\" \/>\n<meta name=\"robots\" content=\"index, follow, max-snippet:-1, max-image-preview:large, max-video-preview:-1\" \/>\n<link rel=\"canonical\" href=\"https:\/\/ds-k.org\/ku\/\u0633\u06d5\u0646\u062f\u06cc\u06a9\u0627\u06cc-\u067e\u0632\u06cc\u0634\u06a9\u0627\u0646\u06cc-\u06a9\u0648\u0631\u062f\u0633\u062a\u0627\u0646\/\u067e\u06d5\u06cc\u0648\u06d5\u0646\u062f\u06cc\/\" \/>\n<meta property=\"og:locale\" content=\"en_US\" \/>\n<meta property=\"og:type\" content=\"article\" \/>\n<meta property=\"og:title\" content=\"\u067e\u06d5\u06cc\u0648\u06d5\u0646\u062f\u06cc\" \/>\n<meta property=\"og:description\" content=\"Di dil\u00ea her\u00eama Kurdistan\u00ea de, Send\u00eekaya Bij\u00eejk\u00ean Kurdistan\u00ea wek saziyeke sereke radibe \u00fb di war\u00ea aboriy\u00ea de roleke gir\u00eeng dil\u00eeze.\" \/>\n<meta property=\"og:url\" content=\"https:\/\/ds-k.org\/ku\/\u0633\u06d5\u0646\u062f\u06cc\u06a9\u0627\u06cc-\u067e\u0632\u06cc\u0634\u06a9\u0627\u0646\u06cc-\u06a9\u0648\u0631\u062f\u0633\u062a\u0627\u0646\/\u067e\u06d5\u06cc\u0648\u06d5\u0646\u062f\u06cc\/\" \/>\n<meta property=\"og:site_name\" content=\"Kurdistan Doctors Syndicate |\" \/>\n<meta property=\"article:modified_time\" content=\"2024-07-25T10:17:32+00:00\" \/>\n<meta property=\"og:image\" content=\"https:\/\/ds-k.org\/wp-content\/uploads\/2024\/07\/Logoo@4x-1.png\" \/>\n\t<meta property=\"og:image:width\" content=\"578\" \/>\n\t<meta property=\"og:image:height\" content=\"600\" \/>\n\t<meta property=\"og:image:type\" content=\"image\/png\" \/>\n<meta name=\"twitter:card\" content=\"summary_large_image\" \/>\n<script type=\"application\/ld+json\" class=\"yoast-schema-graph\">{\"@context\":\"https:\/\/schema.org\",\"@graph\":[{\"@type\":\"WebPage\",\"@id\":\"https:\/\/ds-k.org\/ku\/%d8%b3%db%95%d9%86%d8%af%db%8c%da%a9%d8%a7%db%8c-%d9%be%d8%b2%db%8c%d8%b4%da%a9%d8%a7%d9%86%db%8c-%da%a9%d9%88%d8%b1%d8%af%d8%b3%d8%aa%d8%a7%d9%86\/%d9%be%db%95%db%8c%d9%88%db%95%d9%86%d8%af%db%8c\/\",\"url\":\"https:\/\/ds-k.org\/ku\/%d8%b3%db%95%d9%86%d8%af%db%8c%da%a9%d8%a7%db%8c-%d9%be%d8%b2%db%8c%d8%b4%da%a9%d8%a7%d9%86%db%8c-%da%a9%d9%88%d8%b1%d8%af%d8%b3%d8%aa%d8%a7%d9%86\/%d9%be%db%95%db%8c%d9%88%db%95%d9%86%d8%af%db%8c\/\",\"name\":\"\u067e\u06d5\u06cc\u0648\u06d5\u0646\u062f\u06cc - Kurdistan Doctors Syndicate |\",\"isPartOf\":{\"@id\":\"https:\/\/ds-k.org\/#website\"},\"datePublished\":\"2022-06-10T19:30:38+00:00\",\"dateModified\":\"2024-07-25T10:17:32+00:00\",\"description\":\"Di dil\u00ea her\u00eama Kurdistan\u00ea de, Send\u00eekaya Bij\u00eejk\u00ean Kurdistan\u00ea wek saziyeke sereke radibe \u00fb di war\u00ea aboriy\u00ea de roleke gir\u00eeng dil\u00eeze.\",\"breadcrumb\":{\"@id\":\"https:\/\/ds-k.org\/ku\/%d8%b3%db%95%d9%86%d8%af%db%8c%da%a9%d8%a7%db%8c-%d9%be%d8%b2%db%8c%d8%b4%da%a9%d8%a7%d9%86%db%8c-%da%a9%d9%88%d8%b1%d8%af%d8%b3%d8%aa%d8%a7%d9%86\/%d9%be%db%95%db%8c%d9%88%db%95%d9%86%d8%af%db%8c\/#breadcrumb\"},\"inLanguage\":\"ckb\",\"potentialAction\":[{\"@type\":\"ReadAction\",\"target\":[\"https:\/\/ds-k.org\/ku\/%d8%b3%db%95%d9%86%d8%af%db%8c%da%a9%d8%a7%db%8c-%d9%be%d8%b2%db%8c%d8%b4%da%a9%d8%a7%d9%86%db%8c-%da%a9%d9%88%d8%b1%d8%af%d8%b3%d8%aa%d8%a7%d9%86\/%d9%be%db%95%db%8c%d9%88%db%95%d9%86%d8%af%db%8c\/\"]}]},{\"@type\":\"BreadcrumbList\",\"@id\":\"https:\/\/ds-k.org\/ku\/%d8%b3%db%95%d9%86%d8%af%db%8c%da%a9%d8%a7%db%8c-%d9%be%d8%b2%db%8c%d8%b4%da%a9%d8%a7%d9%86%db%8c-%da%a9%d9%88%d8%b1%d8%af%d8%b3%d8%aa%d8%a7%d9%86\/%d9%be%db%95%db%8c%d9%88%db%95%d9%86%d8%af%db%8c\/#breadcrumb\",\"itemListElement\":[{\"@type\":\"ListItem\",\"position\":1,\"name\":\"Home\",\"item\":\"https:\/\/ds-k.org\/ku\/\"},{\"@type\":\"ListItem\",\"position\":2,\"name\":\"\u0633\u06d5\u0646\u062f\u06cc\u06a9\u0627\u06cc \u067e\u0632\u06cc\u0634\u06a9\u0627\u0646\u06cc \u06a9\u0648\u0631\u062f\u0633\u062a\u0627\u0646\",\"item\":\"https:\/\/ds-k.org\/ku\/\"},{\"@type\":\"ListItem\",\"position\":3,\"name\":\"\u067e\u06d5\u06cc\u0648\u06d5\u0646\u062f\u06cc\"}]},{\"@type\":\"WebSite\",\"@id\":\"https:\/\/ds-k.org\/#website\",\"url\":\"https:\/\/ds-k.org\/\",\"name\":\"Kurdistan Doctors Syndicate |\",\"description\":\"\u0633\u06d5\u0646\u062f\u06cc\u06a9\u0627\u06cc \u067e\u0632\u06cc\u0634\u06a9\u0627\u0646\u06cc \u06a9\u0648\u0631\u062f\u0633\u062a\u0627\u0646\",\"publisher\":{\"@id\":\"https:\/\/ds-k.org\/#organization\"},\"potentialAction\":[{\"@type\":\"SearchAction\",\"target\":{\"@type\":\"EntryPoint\",\"urlTemplate\":\"https:\/\/ds-k.org\/?s={search_term_string}\"},\"query-input\":{\"@type\":\"PropertyValueSpecification\",\"valueRequired\":true,\"valueName\":\"search_term_string\"}}],\"inLanguage\":\"ckb\"},{\"@type\":\"Organization\",\"@id\":\"https:\/\/ds-k.org\/#organization\",\"name\":\"Kurdistan Doctors Syndicate | \u0633\u06d5\u0646\u062f\u06cc\u06a9\u0627\u06cc \u067e\u0632\u06cc\u0634\u06a9\u0627\u0646\u06cc \u06a9\u0648\u0631\u062f\u0633\u062a\u0627\u0646\",\"url\":\"https:\/\/ds-k.org\/\",\"logo\":{\"@type\":\"ImageObject\",\"inLanguage\":\"ckb\",\"@id\":\"https:\/\/ds-k.org\/#\/schema\/logo\/image\/\",\"url\":\"https:\/\/ds-k.org\/wp-content\/uploads\/2024\/07\/Logoo@4x-1.png\",\"contentUrl\":\"https:\/\/ds-k.org\/wp-content\/uploads\/2024\/07\/Logoo@4x-1.png\",\"width\":578,\"height\":600,\"caption\":\"Kurdistan Doctors Syndicate | \u0633\u06d5\u0646\u062f\u06cc\u06a9\u0627\u06cc \u067e\u0632\u06cc\u0634\u06a9\u0627\u0646\u06cc \u06a9\u0648\u0631\u062f\u0633\u062a\u0627\u0646\"},\"image\":{\"@id\":\"https:\/\/ds-k.org\/#\/schema\/logo\/image\/\"}}]}<\/script>\n<!-- \/ Yoast SEO Premium plugin. -->","yoast_head_json":{"title":"\u067e\u06d5\u06cc\u0648\u06d5\u0646\u062f\u06cc - Kurdistan Doctors Syndicate |","description":"Di dil\u00ea her\u00eama Kurdistan\u00ea de, Send\u00eekaya Bij\u00eejk\u00ean Kurdistan\u00ea wek saziyeke sereke radibe \u00fb di war\u00ea aboriy\u00ea de roleke gir\u00eeng dil\u00eeze.","robots":{"index":"index","follow":"follow","max-snippet":"max-snippet:-1","max-image-preview":"max-image-preview:large","max-video-preview":"max-video-preview:-1"},"canonical":"https:\/\/ds-k.org\/ku\/\u0633\u06d5\u0646\u062f\u06cc\u06a9\u0627\u06cc-\u067e\u0632\u06cc\u0634\u06a9\u0627\u0646\u06cc-\u06a9\u0648\u0631\u062f\u0633\u062a\u0627\u0646\/\u067e\u06d5\u06cc\u0648\u06d5\u0646\u062f\u06cc\/","og_locale":"en_US","og_type":"article","og_title":"\u067e\u06d5\u06cc\u0648\u06d5\u0646\u062f\u06cc","og_description":"Di dil\u00ea her\u00eama Kurdistan\u00ea de, Send\u00eekaya Bij\u00eejk\u00ean Kurdistan\u00ea wek saziyeke sereke radibe \u00fb di war\u00ea aboriy\u00ea de roleke gir\u00eeng dil\u00eeze.","og_url":"https:\/\/ds-k.org\/ku\/\u0633\u06d5\u0646\u062f\u06cc\u06a9\u0627\u06cc-\u067e\u0632\u06cc\u0634\u06a9\u0627\u0646\u06cc-\u06a9\u0648\u0631\u062f\u0633\u062a\u0627\u0646\/\u067e\u06d5\u06cc\u0648\u06d5\u0646\u062f\u06cc\/","og_site_name":"Kurdistan Doctors Syndicate |","article_modified_time":"2024-07-25T10:17:32+00:00","og_image":[{"width":578,"height":600,"url":"https:\/\/ds-k.org\/wp-content\/uploads\/2024\/07\/Logoo@4x-1.png","type":"image\/png"}],"twitter_card":"summary_large_image","schema":{"@context":"https:\/\/schema.org","@graph":[{"@type":"WebPage","@id":"https:\/\/ds-k.org\/ku\/%d8%b3%db%95%d9%86%d8%af%db%8c%da%a9%d8%a7%db%8c-%d9%be%d8%b2%db%8c%d8%b4%da%a9%d8%a7%d9%86%db%8c-%da%a9%d9%88%d8%b1%d8%af%d8%b3%d8%aa%d8%a7%d9%86\/%d9%be%db%95%db%8c%d9%88%db%95%d9%86%d8%af%db%8c\/","url":"https:\/\/ds-k.org\/ku\/%d8%b3%db%95%d9%86%d8%af%db%8c%da%a9%d8%a7%db%8c-%d9%be%d8%b2%db%8c%d8%b4%da%a9%d8%a7%d9%86%db%8c-%da%a9%d9%88%d8%b1%d8%af%d8%b3%d8%aa%d8%a7%d9%86\/%d9%be%db%95%db%8c%d9%88%db%95%d9%86%d8%af%db%8c\/","name":"\u067e\u06d5\u06cc\u0648\u06d5\u0646\u062f\u06cc - Kurdistan Doctors Syndicate |","isPartOf":{"@id":"https:\/\/ds-k.org\/#website"},"datePublished":"2022-06-10T19:30:38+00:00","dateModified":"2024-07-25T10:17:32+00:00","description":"Di dil\u00ea her\u00eama Kurdistan\u00ea de, Send\u00eekaya Bij\u00eejk\u00ean Kurdistan\u00ea wek saziyeke sereke radibe \u00fb di war\u00ea aboriy\u00ea de roleke gir\u00eeng dil\u00eeze.","breadcrumb":{"@id":"https:\/\/ds-k.org\/ku\/%d8%b3%db%95%d9%86%d8%af%db%8c%da%a9%d8%a7%db%8c-%d9%be%d8%b2%db%8c%d8%b4%da%a9%d8%a7%d9%86%db%8c-%da%a9%d9%88%d8%b1%d8%af%d8%b3%d8%aa%d8%a7%d9%86\/%d9%be%db%95%db%8c%d9%88%db%95%d9%86%d8%af%db%8c\/#breadcrumb"},"inLanguage":"ckb","potentialAction":[{"@type":"ReadAction","target":["https:\/\/ds-k.org\/ku\/%d8%b3%db%95%d9%86%d8%af%db%8c%da%a9%d8%a7%db%8c-%d9%be%d8%b2%db%8c%d8%b4%da%a9%d8%a7%d9%86%db%8c-%da%a9%d9%88%d8%b1%d8%af%d8%b3%d8%aa%d8%a7%d9%86\/%d9%be%db%95%db%8c%d9%88%db%95%d9%86%d8%af%db%8c\/"]}]},{"@type":"BreadcrumbList","@id":"https:\/\/ds-k.org\/ku\/%d8%b3%db%95%d9%86%d8%af%db%8c%da%a9%d8%a7%db%8c-%d9%be%d8%b2%db%8c%d8%b4%da%a9%d8%a7%d9%86%db%8c-%da%a9%d9%88%d8%b1%d8%af%d8%b3%d8%aa%d8%a7%d9%86\/%d9%be%db%95%db%8c%d9%88%db%95%d9%86%d8%af%db%8c\/#breadcrumb","itemListElement":[{"@type":"ListItem","position":1,"name":"Home","item":"https:\/\/ds-k.org\/ku\/"},{"@type":"ListItem","position":2,"name":"\u0633\u06d5\u0646\u062f\u06cc\u06a9\u0627\u06cc \u067e\u0632\u06cc\u0634\u06a9\u0627\u0646\u06cc \u06a9\u0648\u0631\u062f\u0633\u062a\u0627\u0646","item":"https:\/\/ds-k.org\/ku\/"},{"@type":"ListItem","position":3,"name":"\u067e\u06d5\u06cc\u0648\u06d5\u0646\u062f\u06cc"}]},{"@type":"WebSite","@id":"https:\/\/ds-k.org\/#website","url":"https:\/\/ds-k.org\/","name":"Kurdistan Doctors Syndicate |","description":"\u0633\u06d5\u0646\u062f\u06cc\u06a9\u0627\u06cc \u067e\u0632\u06cc\u0634\u06a9\u0627\u0646\u06cc \u06a9\u0648\u0631\u062f\u0633\u062a\u0627\u0646","publisher":{"@id":"https:\/\/ds-k.org\/#organization"},"potentialAction":[{"@type":"SearchAction","target":{"@type":"EntryPoint","urlTemplate":"https:\/\/ds-k.org\/?s={search_term_string}"},"query-input":{"@type":"PropertyValueSpecification","valueRequired":true,"valueName":"search_term_string"}}],"inLanguage":"ckb"},{"@type":"Organization","@id":"https:\/\/ds-k.org\/#organization","name":"Kurdistan Doctors Syndicate | \u0633\u06d5\u0646\u062f\u06cc\u06a9\u0627\u06cc \u067e\u0632\u06cc\u0634\u06a9\u0627\u0646\u06cc \u06a9\u0648\u0631\u062f\u0633\u062a\u0627\u0646","url":"https:\/\/ds-k.org\/","logo":{"@type":"ImageObject","inLanguage":"ckb","@id":"https:\/\/ds-k.org\/#\/schema\/logo\/image\/","url":"https:\/\/ds-k.org\/wp-content\/uploads\/2024\/07\/Logoo@4x-1.png","contentUrl":"https:\/\/ds-k.org\/wp-content\/uploads\/2024\/07\/Logoo@4x-1.png","width":578,"height":600,"caption":"Kurdistan Doctors Syndicate | \u0633\u06d5\u0646\u062f\u06cc\u06a9\u0627\u06cc \u067e\u0632\u06cc\u0634\u06a9\u0627\u0646\u06cc \u06a9\u0648\u0631\u062f\u0633\u062a\u0627\u0646"},"image":{"@id":"https:\/\/ds-k.org\/#\/schema\/logo\/image\/"}}]}},"_links":{"self":[{"href":"https:\/\/ds-k.org\/ku\/wp-json\/wp\/v2\/pages\/1443","targetHints":{"allow":["GET"]}}],"collection":[{"href":"https:\/\/ds-k.org\/ku\/wp-json\/wp\/v2\/pages"}],"about":[{"href":"https:\/\/ds-k.org\/ku\/wp-json\/wp\/v2\/types\/page"}],"author":[{"embeddable":true,"href":"https:\/\/ds-k.org\/ku\/wp-json\/wp\/v2\/users\/1"}],"replies":[{"embeddable":true,"href":"https:\/\/ds-k.org\/ku\/wp-json\/wp\/v2\/comments?post=1443"}],"version-history":[{"count":3,"href":"https:\/\/ds-k.org\/ku\/wp-json\/wp\/v2\/pages\/1443\/revisions"}],"predecessor-version":[{"id":1563,"href":"https:\/\/ds-k.org\/ku\/wp-json\/wp\/v2\/pages\/1443\/revisions\/1563"}],"up":[{"embeddable":true,"href":"https:\/\/ds-k.org\/ku\/wp-json\/wp\/v2\/pages\/1464"}],"wp:attachment":[{"href":"https:\/\/ds-k.org\/ku\/wp-json\/wp\/v2\/media?parent=1443"}],"curies":[{"name":"wp","href":"https:\/\/api.w.org\/{rel}","templated":true}]}}